{"id":6339,"date":"2019-07-12T18:42:30","date_gmt":"2019-07-12T16:42:30","guid":{"rendered":"https:\/\/stlouis-stereinedebretagne.fr\/?page_id=6339"},"modified":"2019-07-12T18:55:24","modified_gmt":"2019-07-12T16:55:24","slug":"ogec","status":"publish","type":"page","link":"https:\/\/stlouis-stereinedebretagne.fr\/?page_id=6339","title":{"rendered":"OGEC"},"content":{"rendered":"<div id=\"pl-6339\"  class=\"panel-layout\" ><div id=\"pg-6339-0\"  class=\"panel-grid panel-no-style\" ><div id=\"pgc-6339-0-0\"  class=\"panel-grid-cell\" ><div id=\"panel-6339-0-0-0\" class=\"so-panel widget widget_category-posts cat-post-widget panel-first-child panel-last-child\" data-index=\"0\" ><div class=\"panel-widget-style panel-widget-style-for-6339-0-0-0\" ><ul id=\"category-posts-1-internal\" class=\"category-posts-internal\">\n<li class='cat-post-item'><div><a class=\"cat-post-title\" href=\"https:\/\/stlouis-stereinedebretagne.fr\/?p=22018\" rel=\"bookmark\">L&rsquo;\u00e9cole Saint Louis f\u00eate ses 150 ans !<\/a><\/div><div><a class=\"cat-post-thumbnail cat-post-none\" href=\"https:\/\/stlouis-stereinedebretagne.fr\/?p=22018\" title=\"L&rsquo;\u00e9cole Saint Louis f\u00eate ses 150 ans !\"><span class=\"cat-post-crop cat-post-format cat-post-format-standard\"><img loading=\"lazy\" decoding=\"async\" width=\"150\" height=\"150\" src=\"https:\/\/stlouis-stereinedebretagne.fr\/wp-content\/uploads\/2026\/04\/5d3b7cce-eea6-4771-8fca-9816b067f3a4-150x150.jpg\" class=\"attachment-thumbnail size-thumbnail wp-post-image\" alt=\"\" data-cat-posts-width=\"150\" data-cat-posts-height=\"150\" \/><\/span><\/a><\/div><\/li><li class='cat-post-item'><div><a class=\"cat-post-title\" href=\"https:\/\/stlouis-stereinedebretagne.fr\/?p=20188\" rel=\"bookmark\">Retour sur une formation en Estonie : une immersion p\u00e9dagogique et europ\u00e9enne enrichissante<\/a><\/div><div><a class=\"cat-post-thumbnail cat-post-none\" href=\"https:\/\/stlouis-stereinedebretagne.fr\/?p=20188\" title=\"Retour sur une formation en Estonie : une immersion p\u00e9dagogique et europ\u00e9enne enrichissante\"><span class=\"cat-post-crop cat-post-format cat-post-format-standard\"><img loading=\"lazy\" decoding=\"async\" width=\"150\" height=\"150\" src=\"https:\/\/stlouis-stereinedebretagne.fr\/wp-content\/uploads\/2019\/07\/school-tools-3596680_1920-150x150.jpg\" class=\"attachment-thumbnail size-thumbnail wp-post-image\" alt=\"\" data-cat-posts-width=\"150\" data-cat-posts-height=\"150\" \/><\/span><\/a><\/div><\/li><li class='cat-post-item'><div><a class=\"cat-post-title\" href=\"https:\/\/stlouis-stereinedebretagne.fr\/?p=12088\" rel=\"bookmark\">APEL-OGEC : un grand merci aux b\u00e9n\u00e9voles et mention sp\u00e9ciale aux familles quittant l&rsquo;\u00e9cole<\/a><\/div><div><a class=\"cat-post-thumbnail cat-post-none\" href=\"https:\/\/stlouis-stereinedebretagne.fr\/?p=12088\" title=\"APEL-OGEC : un grand merci aux b\u00e9n\u00e9voles et mention sp\u00e9ciale aux familles quittant l&rsquo;\u00e9cole\"><span class=\"cat-post-crop cat-post-format cat-post-format-standard\"><img loading=\"lazy\" decoding=\"async\" width=\"150\" height=\"150\" src=\"https:\/\/stlouis-stereinedebretagne.fr\/wp-content\/uploads\/2022\/07\/MERCI-150x150.jpg\" class=\"attachment-thumbnail size-thumbnail wp-post-image\" alt=\"\" data-cat-posts-width=\"150\" data-cat-posts-height=\"150\" \/><\/span><\/a><\/div><\/li><li class='cat-post-item'><div><a class=\"cat-post-title\" href=\"https:\/\/stlouis-stereinedebretagne.fr\/?p=11388\" rel=\"bookmark\">Une matin\u00e9e travaux dans la bonne humeur<\/a><\/div><div><a class=\"cat-post-thumbnail cat-post-none\" href=\"https:\/\/stlouis-stereinedebretagne.fr\/?p=11388\" title=\"Une matin\u00e9e travaux dans la bonne humeur\"><span class=\"cat-post-crop cat-post-format cat-post-format-standard\"><img loading=\"lazy\" decoding=\"async\" width=\"150\" height=\"150\" src=\"https:\/\/stlouis-stereinedebretagne.fr\/wp-content\/uploads\/2019\/07\/school-tools-3596680_1920-150x150.jpg\" class=\"attachment-thumbnail size-thumbnail wp-post-image\" alt=\"\" data-cat-posts-width=\"150\" data-cat-posts-height=\"150\" \/><\/span><\/a><\/div><\/li><li class='cat-post-item'><div><a class=\"cat-post-title\" href=\"https:\/\/stlouis-stereinedebretagne.fr\/?p=6680\" rel=\"bookmark\">Matin\u00e9es Travaux<\/a><\/div><div><a class=\"cat-post-thumbnail cat-post-none\" href=\"https:\/\/stlouis-stereinedebretagne.fr\/?p=6680\" title=\"Matin\u00e9es Travaux\"><span class=\"cat-post-crop cat-post-format cat-post-format-standard\"><img loading=\"lazy\" decoding=\"async\" width=\"150\" height=\"150\" src=\"https:\/\/stlouis-stereinedebretagne.fr\/wp-content\/uploads\/2019\/09\/Matin\u00e9es-Travaux-150x150.jpg\" class=\"attachment-thumbnail size-thumbnail wp-post-image\" alt=\"\" data-cat-posts-width=\"150\" data-cat-posts-height=\"150\" \/><\/span><\/a><\/div><\/li><li class='cat-post-item'><div><a class=\"cat-post-title\" href=\"https:\/\/stlouis-stereinedebretagne.fr\/?p=4620\" rel=\"bookmark\">L&rsquo;\u00e9cole Saint Louis se s\u00e9curise<\/a><\/div><div><a class=\"cat-post-thumbnail cat-post-none\" href=\"https:\/\/stlouis-stereinedebretagne.fr\/?p=4620\" title=\"L&rsquo;\u00e9cole Saint Louis se s\u00e9curise\"><span class=\"cat-post-crop cat-post-format cat-post-format-standard\"><img loading=\"lazy\" decoding=\"async\" width=\"150\" height=\"150\" src=\"https:\/\/stlouis-stereinedebretagne.fr\/wp-content\/uploads\/2019\/07\/school-tools-3596680_1920-150x150.jpg\" class=\"attachment-thumbnail size-thumbnail wp-post-image\" alt=\"\" data-cat-posts-width=\"150\" data-cat-posts-height=\"150\" \/><\/span><\/a><\/div><\/li><li class='cat-post-item'><div><a class=\"cat-post-title\" href=\"https:\/\/stlouis-stereinedebretagne.fr\/?p=3381\" rel=\"bookmark\">Matin\u00e9e Travaux du 17\/03<\/a><\/div><div><a class=\"cat-post-thumbnail cat-post-none\" href=\"https:\/\/stlouis-stereinedebretagne.fr\/?p=3381\" title=\"Matin\u00e9e Travaux du 17\/03\"><span class=\"cat-post-crop cat-post-format cat-post-format-standard\"><img loading=\"lazy\" decoding=\"async\" width=\"150\" height=\"150\" src=\"https:\/\/stlouis-stereinedebretagne.fr\/wp-content\/uploads\/2019\/07\/school-tools-3596680_1920-150x150.jpg\" class=\"attachment-thumbnail size-thumbnail wp-post-image\" alt=\"\" data-cat-posts-width=\"150\" data-cat-posts-height=\"150\" \/><\/span><\/a><\/div><\/li><li class='cat-post-item'><div><a class=\"cat-post-title\" href=\"https:\/\/stlouis-stereinedebretagne.fr\/?p=3185\" rel=\"bookmark\">Passage de t\u00e9moin \u00e0 l&rsquo;OGEC<\/a><\/div><div><a class=\"cat-post-thumbnail cat-post-none\" href=\"https:\/\/stlouis-stereinedebretagne.fr\/?p=3185\" title=\"Passage de t\u00e9moin \u00e0 l&rsquo;OGEC\"><span class=\"cat-post-crop cat-post-format cat-post-format-standard\"><img loading=\"lazy\" decoding=\"async\" width=\"150\" height=\"150\" src=\"https:\/\/stlouis-stereinedebretagne.fr\/wp-content\/uploads\/2019\/07\/school-tools-3596680_1920-150x150.jpg\" class=\"attachment-thumbnail size-thumbnail wp-post-image\" alt=\"\" data-cat-posts-width=\"150\" data-cat-posts-height=\"150\" \/><\/span><\/a><\/div><\/li><li class='cat-post-item'><div><a class=\"cat-post-title\" href=\"https:\/\/stlouis-stereinedebretagne.fr\/?p=3154\" rel=\"bookmark\">Matin\u00e9e travaux du 3 f\u00e9vrier<\/a><\/div><div><a class=\"cat-post-thumbnail cat-post-none\" href=\"https:\/\/stlouis-stereinedebretagne.fr\/?p=3154\" title=\"Matin\u00e9e travaux du 3 f\u00e9vrier\"><span class=\"cat-post-crop cat-post-format cat-post-format-standard\"><img loading=\"lazy\" decoding=\"async\" width=\"150\" height=\"150\" src=\"https:\/\/stlouis-stereinedebretagne.fr\/wp-content\/uploads\/2019\/07\/school-tools-3596680_1920-150x150.jpg\" class=\"attachment-thumbnail size-thumbnail wp-post-image\" alt=\"\" data-cat-posts-width=\"150\" data-cat-posts-height=\"150\" \/><\/span><\/a><\/div><\/li><li class='cat-post-item'><div><a class=\"cat-post-title\" href=\"https:\/\/stlouis-stereinedebretagne.fr\/?p=2489\" rel=\"bookmark\">Matin\u00e9e travaux du 9 d\u00e9cembre<\/a><\/div><div><a class=\"cat-post-thumbnail cat-post-none\" href=\"https:\/\/stlouis-stereinedebretagne.fr\/?p=2489\" title=\"Matin\u00e9e travaux du 9 d\u00e9cembre\"><span class=\"cat-post-crop cat-post-format cat-post-format-standard\"><img loading=\"lazy\" decoding=\"async\" width=\"150\" height=\"150\" src=\"https:\/\/stlouis-stereinedebretagne.fr\/wp-content\/uploads\/2019\/07\/school-tools-3596680_1920-150x150.jpg\" class=\"attachment-thumbnail size-thumbnail wp-post-image\" alt=\"\" data-cat-posts-width=\"150\" data-cat-posts-height=\"150\" \/><\/span><\/a><\/div><\/li><li class='cat-post-item'><div><a class=\"cat-post-title\" href=\"https:\/\/stlouis-stereinedebretagne.fr\/?p=537\" rel=\"bookmark\">CALENDRIER OGEC<\/a><\/div><div><a class=\"cat-post-thumbnail cat-post-none\" href=\"https:\/\/stlouis-stereinedebretagne.fr\/?p=537\" title=\"CALENDRIER OGEC\"><span class=\"cat-post-crop cat-post-format cat-post-format-standard\"><img loading=\"lazy\" decoding=\"async\" width=\"150\" height=\"150\" src=\"https:\/\/stlouis-stereinedebretagne.fr\/wp-content\/uploads\/2019\/07\/school-tools-3596680_1920-150x150.jpg\" class=\"attachment-thumbnail size-thumbnail wp-post-image\" alt=\"\" data-cat-posts-width=\"150\" data-cat-posts-height=\"150\" \/><\/span><\/a><\/div><\/li><li class='cat-post-item'><div><a class=\"cat-post-title\" href=\"https:\/\/stlouis-stereinedebretagne.fr\/?p=534\" rel=\"bookmark\">BUREAU OGEC 2015-2016<\/a><\/div><div><a class=\"cat-post-thumbnail cat-post-none\" href=\"https:\/\/stlouis-stereinedebretagne.fr\/?p=534\" title=\"BUREAU OGEC 2015-2016\"><span class=\"cat-post-crop cat-post-format cat-post-format-standard\"><img loading=\"lazy\" decoding=\"async\" width=\"150\" height=\"150\" src=\"https:\/\/stlouis-stereinedebretagne.fr\/wp-content\/uploads\/2019\/07\/school-tools-3596680_1920-150x150.jpg\" class=\"attachment-thumbnail size-thumbnail wp-post-image\" alt=\"\" data-cat-posts-width=\"150\" data-cat-posts-height=\"150\" \/><\/span><\/a><\/div><\/li><\/ul>\n<\/div><\/div><\/div><\/div><\/div>","protected":false},"excerpt":{"rendered":"<p>L&rsquo;\u00e9cole Saint Louis f\u00eate ses 150 ans !Retour sur une formation en Estonie : une immersion p\u00e9dagogique et europ\u00e9enne enrichissanteAPEL-OGEC : un grand merci aux b\u00e9n\u00e9voles et mention sp\u00e9ciale aux&hellip; <br \/> <a class=\"read-more\" href=\"https:\/\/stlouis-stereinedebretagne.fr\/?page_id=6339\">Lire la suite<\/a><\/p>\n","protected":false},"author":30,"featured_media":0,"parent":0,"menu_order":0,"comment_status":"closed","ping_status":"closed","template":"","meta":{"ngg_post_thumbnail":0,"footnotes":""},"class_list":["post-6339","page","type-page","status-publish","hentry"],"jetpack_sharing_enabled":true,"_links":{"self":[{"href":"https:\/\/stlouis-stereinedebretagne.fr\/index.php?rest_route=\/wp\/v2\/pages\/6339","targetHints":{"allow":["GET"]}}],"collection":[{"href":"https:\/\/stlouis-stereinedebretagne.fr\/index.php?rest_route=\/wp\/v2\/pages"}],"about":[{"href":"https:\/\/stlouis-stereinedebretagne.fr\/index.php?rest_route=\/wp\/v2\/types\/page"}],"author":[{"embeddable":true,"href":"https:\/\/stlouis-stereinedebretagne.fr\/index.php?rest_route=\/wp\/v2\/users\/30"}],"replies":[{"embeddable":true,"href":"https:\/\/stlouis-stereinedebretagne.fr\/index.php?rest_route=%2Fwp%2Fv2%2Fcomments&post=6339"}],"version-history":[{"count":12,"href":"https:\/\/stlouis-stereinedebretagne.fr\/index.php?rest_route=\/wp\/v2\/pages\/6339\/revisions"}],"predecessor-version":[{"id":6359,"href":"https:\/\/stlouis-stereinedebretagne.fr\/index.php?rest_route=\/wp\/v2\/pages\/6339\/revisions\/6359"}],"wp:attachment":[{"href":"https:\/\/stlouis-stereinedebretagne.fr\/index.php?rest_route=%2Fwp%2Fv2%2Fmedia&parent=6339"}],"curies":[{"name":"wp","href":"https:\/\/api.w.org\/{rel}","templated":true}]}}