{"id":6349,"date":"2019-07-12T18:47:40","date_gmt":"2019-07-12T16:47:40","guid":{"rendered":"https:\/\/stlouis-stereinedebretagne.fr\/?page_id=6349"},"modified":"2019-07-12T18:47:50","modified_gmt":"2019-07-12T16:47:50","slug":"apel","status":"publish","type":"page","link":"https:\/\/stlouis-stereinedebretagne.fr\/?page_id=6349","title":{"rendered":"APEL"},"content":{"rendered":"<div id=\"pl-6349\"  class=\"panel-layout\" ><div id=\"pg-6349-0\"  class=\"panel-grid panel-no-style\" ><div id=\"pgc-6349-0-0\"  class=\"panel-grid-cell\" ><div id=\"panel-6349-0-0-0\" class=\"so-panel widget widget_category-posts cat-post-widget panel-first-child panel-last-child\" data-index=\"0\" ><div class=\"panel-widget-style panel-widget-style-for-6349-0-0-0\" ><ul id=\"category-posts-1-internal\" class=\"category-posts-internal\">\n<li class='cat-post-item'><div><a class=\"cat-post-title\" href=\"https:\/\/stlouis-stereinedebretagne.fr\/?p=22018\" rel=\"bookmark\">L&rsquo;\u00e9cole Saint Louis f\u00eate ses 150 ans !<\/a><\/div><div><a class=\"cat-post-thumbnail cat-post-none\" href=\"https:\/\/stlouis-stereinedebretagne.fr\/?p=22018\" title=\"L&rsquo;\u00e9cole Saint Louis f\u00eate ses 150 ans !\"><span class=\"cat-post-crop cat-post-format cat-post-format-standard\"><img loading=\"lazy\" decoding=\"async\" width=\"150\" height=\"150\" src=\"https:\/\/stlouis-stereinedebretagne.fr\/wp-content\/uploads\/2026\/04\/5d3b7cce-eea6-4771-8fca-9816b067f3a4-150x150.jpg\" class=\"attachment-thumbnail size-thumbnail wp-post-image\" alt=\"\" data-cat-posts-width=\"150\" data-cat-posts-height=\"150\" \/><\/span><\/a><\/div><\/li><li class='cat-post-item'><div><a class=\"cat-post-title\" href=\"https:\/\/stlouis-stereinedebretagne.fr\/?p=21542\" rel=\"bookmark\">Un grand merci \u00e0 l\u2019APEL pour les cadeaux de No\u00ebl !<\/a><\/div><div><a class=\"cat-post-thumbnail cat-post-none\" href=\"https:\/\/stlouis-stereinedebretagne.fr\/?p=21542\" title=\"Un grand merci \u00e0 l\u2019APEL pour les cadeaux de No\u00ebl !\"><span class=\"cat-post-crop cat-post-format cat-post-format-standard\"><img loading=\"lazy\" decoding=\"async\" width=\"150\" height=\"150\" src=\"https:\/\/stlouis-stereinedebretagne.fr\/wp-content\/uploads\/2026\/01\/952e8f28-3332-48a1-a207-1ae7db59d656-150x150.jpg\" class=\"attachment-thumbnail size-thumbnail wp-post-image\" alt=\"\" data-cat-posts-width=\"150\" data-cat-posts-height=\"150\" \/><\/span><\/a><\/div><\/li><li class='cat-post-item'><div><a class=\"cat-post-title\" href=\"https:\/\/stlouis-stereinedebretagne.fr\/?p=21471\" rel=\"bookmark\">Prot\u00e9g\u00e9\u00a0: Arbre de No\u00ebl<\/a><\/div><div><a class=\"cat-post-thumbnail cat-post-none\" href=\"https:\/\/stlouis-stereinedebretagne.fr\/?p=21471\" title=\"Prot\u00e9g\u00e9\u00a0: Arbre de No\u00ebl\"><span class=\"cat-post-crop cat-post-format cat-post-format-standard\"><img loading=\"lazy\" decoding=\"async\" width=\"150\" height=\"150\" src=\"https:\/\/stlouis-stereinedebretagne.fr\/wp-content\/uploads\/2025\/11\/Affiche-spectacle-de-Noel-150x150.png\" class=\"attachment-thumbnail size-thumbnail wp-post-image\" alt=\"\" data-cat-posts-width=\"150\" data-cat-posts-height=\"150\" \/><\/span><\/a><\/div><\/li><li class='cat-post-item'><div><a class=\"cat-post-title\" href=\"https:\/\/stlouis-stereinedebretagne.fr\/?p=21274\" rel=\"bookmark\">Un No\u00ebl f\u00e9erique gr\u00e2ce \u00e0 l\u2019APEL<\/a><\/div><div><a class=\"cat-post-thumbnail cat-post-none\" href=\"https:\/\/stlouis-stereinedebretagne.fr\/?p=21274\" title=\"Un No\u00ebl f\u00e9erique gr\u00e2ce \u00e0 l\u2019APEL\"><span class=\"cat-post-crop cat-post-format cat-post-format-standard\"><img loading=\"lazy\" decoding=\"async\" width=\"150\" height=\"150\" src=\"https:\/\/stlouis-stereinedebretagne.fr\/wp-content\/uploads\/2025\/12\/IMG_4314-150x150.jpg\" class=\"attachment-thumbnail size-thumbnail wp-post-image\" alt=\"\" data-cat-posts-width=\"150\" data-cat-posts-height=\"150\" \/><\/span><\/a><\/div><\/li><li class='cat-post-item'><div><a class=\"cat-post-title\" href=\"https:\/\/stlouis-stereinedebretagne.fr\/?p=20188\" rel=\"bookmark\">Retour sur une formation en Estonie : une immersion p\u00e9dagogique et europ\u00e9enne enrichissante<\/a><\/div><div><a class=\"cat-post-thumbnail cat-post-none\" href=\"https:\/\/stlouis-stereinedebretagne.fr\/?p=20188\" title=\"Retour sur une formation en Estonie : une immersion p\u00e9dagogique et europ\u00e9enne enrichissante\"><span class=\"cat-post-crop cat-post-format cat-post-format-standard\"><img loading=\"lazy\" decoding=\"async\" width=\"150\" height=\"150\" src=\"https:\/\/stlouis-stereinedebretagne.fr\/wp-content\/uploads\/2019\/07\/school-tools-3596680_1920-150x150.jpg\" class=\"attachment-thumbnail size-thumbnail wp-post-image\" alt=\"\" data-cat-posts-width=\"150\" data-cat-posts-height=\"150\" \/><\/span><\/a><\/div><\/li><li class='cat-post-item'><div><a class=\"cat-post-title\" href=\"https:\/\/stlouis-stereinedebretagne.fr\/?p=13037\" rel=\"bookmark\">Strobineler, le magicien<\/a><\/div><div><a class=\"cat-post-thumbnail cat-post-none\" href=\"https:\/\/stlouis-stereinedebretagne.fr\/?p=13037\" title=\"Strobineler, le magicien\"><span class=\"cat-post-crop cat-post-format cat-post-format-standard\"><img loading=\"lazy\" decoding=\"async\" width=\"150\" height=\"150\" src=\"https:\/\/stlouis-stereinedebretagne.fr\/wp-content\/uploads\/2022\/12\/20221209_104638-150x150.jpg\" class=\"attachment-thumbnail size-thumbnail wp-post-image\" alt=\"\" data-cat-posts-width=\"150\" data-cat-posts-height=\"150\" \/><\/span><\/a><\/div><\/li><li class='cat-post-item'><div><a class=\"cat-post-title\" href=\"https:\/\/stlouis-stereinedebretagne.fr\/?p=12088\" rel=\"bookmark\">APEL-OGEC : un grand merci aux b\u00e9n\u00e9voles et mention sp\u00e9ciale aux familles quittant l&rsquo;\u00e9cole<\/a><\/div><div><a class=\"cat-post-thumbnail cat-post-none\" href=\"https:\/\/stlouis-stereinedebretagne.fr\/?p=12088\" title=\"APEL-OGEC : un grand merci aux b\u00e9n\u00e9voles et mention sp\u00e9ciale aux familles quittant l&rsquo;\u00e9cole\"><span class=\"cat-post-crop cat-post-format cat-post-format-standard\"><img loading=\"lazy\" decoding=\"async\" width=\"150\" height=\"150\" src=\"https:\/\/stlouis-stereinedebretagne.fr\/wp-content\/uploads\/2022\/07\/MERCI-150x150.jpg\" class=\"attachment-thumbnail size-thumbnail wp-post-image\" alt=\"\" data-cat-posts-width=\"150\" data-cat-posts-height=\"150\" \/><\/span><\/a><\/div><\/li><li class='cat-post-item'><div><a class=\"cat-post-title\" href=\"https:\/\/stlouis-stereinedebretagne.fr\/?p=11641\" rel=\"bookmark\">L&rsquo;\u00e9quipe APEL 2021-2022<\/a><\/div><div><a class=\"cat-post-thumbnail cat-post-none\" href=\"https:\/\/stlouis-stereinedebretagne.fr\/?p=11641\" title=\"L&rsquo;\u00e9quipe APEL 2021-2022\"><span class=\"cat-post-crop cat-post-format cat-post-format-standard\"><img loading=\"lazy\" decoding=\"async\" width=\"150\" height=\"150\" src=\"https:\/\/stlouis-stereinedebretagne.fr\/wp-content\/uploads\/2019\/07\/school-tools-3596680_1920-150x150.jpg\" class=\"attachment-thumbnail size-thumbnail wp-post-image\" alt=\"\" data-cat-posts-width=\"150\" data-cat-posts-height=\"150\" \/><\/span><\/a><\/div><\/li><li class='cat-post-item'><div><a class=\"cat-post-title\" href=\"https:\/\/stlouis-stereinedebretagne.fr\/?p=9353\" rel=\"bookmark\">Merci<\/a><\/div><div><a class=\"cat-post-thumbnail cat-post-none\" href=\"https:\/\/stlouis-stereinedebretagne.fr\/?p=9353\" title=\"Merci\"><span class=\"cat-post-crop cat-post-format cat-post-format-standard\"><img loading=\"lazy\" decoding=\"async\" width=\"150\" height=\"150\" src=\"https:\/\/stlouis-stereinedebretagne.fr\/wp-content\/uploads\/2020\/12\/gateaux-bijou-150x150.jpg\" class=\"attachment-thumbnail size-thumbnail wp-post-image\" alt=\"\" data-cat-posts-width=\"150\" data-cat-posts-height=\"150\" \/><\/span><\/a><\/div><\/li><li class='cat-post-item'><div><a class=\"cat-post-title\" href=\"https:\/\/stlouis-stereinedebretagne.fr\/?p=8949\" rel=\"bookmark\">Bilan de notre op\u00e9ration \u00a0\u00bb Panier de l\u00e9gumes\u00a0\u00bb<\/a><\/div><div><a class=\"cat-post-thumbnail cat-post-none\" href=\"https:\/\/stlouis-stereinedebretagne.fr\/?p=8949\" title=\"Bilan de notre op\u00e9ration \u00a0\u00bb Panier de l\u00e9gumes\u00a0\u00bb\"><span class=\"cat-post-crop cat-post-format cat-post-format-standard\"><img loading=\"lazy\" decoding=\"async\" width=\"150\" height=\"150\" src=\"https:\/\/stlouis-stereinedebretagne.fr\/wp-content\/uploads\/2020\/10\/IMG_20201009_120323-150x150.jpg\" class=\"attachment-thumbnail size-thumbnail wp-post-image\" alt=\"\" data-cat-posts-width=\"150\" data-cat-posts-height=\"150\" \/><\/span><\/a><\/div><\/li><li class='cat-post-item'><div><a class=\"cat-post-title\" href=\"https:\/\/stlouis-stereinedebretagne.fr\/?p=7667\" rel=\"bookmark\">Retour sur les 2 conf\u00e9rences de l&rsquo;ann\u00e9e<\/a><\/div><div><a class=\"cat-post-thumbnail cat-post-none\" href=\"https:\/\/stlouis-stereinedebretagne.fr\/?p=7667\" title=\"Retour sur les 2 conf\u00e9rences de l&rsquo;ann\u00e9e\"><span class=\"cat-post-crop cat-post-format cat-post-format-standard\"><img loading=\"lazy\" decoding=\"async\" width=\"150\" height=\"150\" src=\"https:\/\/stlouis-stereinedebretagne.fr\/wp-content\/uploads\/2020\/02\/Conf\u00e9rence-Harc\u00e8lement-150x150.jpg\" class=\"attachment-thumbnail size-thumbnail wp-post-image\" alt=\"\" data-cat-posts-width=\"150\" data-cat-posts-height=\"150\" \/><\/span><\/a><\/div><\/li><li class='cat-post-item'><div><a class=\"cat-post-title\" href=\"https:\/\/stlouis-stereinedebretagne.fr\/?p=7575\" rel=\"bookmark\">Soir\u00e9e conf\u00e9rence harc\u00e8lement<\/a><\/div><div><a class=\"cat-post-thumbnail cat-post-none\" href=\"https:\/\/stlouis-stereinedebretagne.fr\/?p=7575\" title=\"Soir\u00e9e conf\u00e9rence harc\u00e8lement\"><span class=\"cat-post-crop cat-post-format cat-post-format-standard\"><img loading=\"lazy\" decoding=\"async\" width=\"150\" height=\"150\" src=\"https:\/\/stlouis-stereinedebretagne.fr\/wp-content\/uploads\/2020\/02\/Conf\u00e9rence-Harc\u00e8lement-150x150.jpg\" class=\"attachment-thumbnail size-thumbnail wp-post-image\" alt=\"\" data-cat-posts-width=\"150\" data-cat-posts-height=\"150\" \/><\/span><\/a><\/div><\/li><li class='cat-post-item'><div><a class=\"cat-post-title\" href=\"https:\/\/stlouis-stereinedebretagne.fr\/?p=7094\" rel=\"bookmark\">Conf\u00e9rence Geste d&rsquo;Ecriture<\/a><\/div><div><a class=\"cat-post-thumbnail cat-post-none\" href=\"https:\/\/stlouis-stereinedebretagne.fr\/?p=7094\" title=\"Conf\u00e9rence Geste d&rsquo;Ecriture\"><span class=\"cat-post-crop cat-post-format cat-post-format-standard\"><img loading=\"lazy\" decoding=\"async\" width=\"150\" height=\"150\" src=\"https:\/\/stlouis-stereinedebretagne.fr\/wp-content\/uploads\/2019\/12\/Conf\u00e9rence-gestes-d\u00e9criture-150x150.jpg\" class=\"attachment-thumbnail size-thumbnail wp-post-image\" alt=\"\" data-cat-posts-width=\"150\" data-cat-posts-height=\"150\" \/><\/span><\/a><\/div><\/li><li class='cat-post-item'><div><a class=\"cat-post-title\" href=\"https:\/\/stlouis-stereinedebretagne.fr\/?p=7034\" rel=\"bookmark\">La cour d&rsquo;\u00e9cole rev\u00eat ses habits de f\u00eate<\/a><\/div><div><a class=\"cat-post-thumbnail cat-post-none\" href=\"https:\/\/stlouis-stereinedebretagne.fr\/?p=7034\" title=\"La cour d&rsquo;\u00e9cole rev\u00eat ses habits de f\u00eate\"><span class=\"cat-post-crop cat-post-format cat-post-format-standard\"><img loading=\"lazy\" decoding=\"async\" width=\"150\" height=\"150\" src=\"https:\/\/stlouis-stereinedebretagne.fr\/wp-content\/uploads\/2019\/12\/20191202_102451-150x150.jpg\" class=\"attachment-thumbnail size-thumbnail wp-post-image\" alt=\"\" data-cat-posts-width=\"150\" data-cat-posts-height=\"150\" \/><\/span><\/a><\/div><\/li><li class='cat-post-item'><div><a class=\"cat-post-title\" href=\"https:\/\/stlouis-stereinedebretagne.fr\/?p=6643\" rel=\"bookmark\">Pot de rentr\u00e9e<\/a><\/div><div><a class=\"cat-post-thumbnail cat-post-none\" href=\"https:\/\/stlouis-stereinedebretagne.fr\/?p=6643\" title=\"Pot de rentr\u00e9e\"><span class=\"cat-post-crop cat-post-format cat-post-format-standard\"><img loading=\"lazy\" decoding=\"async\" width=\"150\" height=\"150\" src=\"https:\/\/stlouis-stereinedebretagne.fr\/wp-content\/uploads\/2019\/09\/pot-de-rentr\u00e9e-150x150.jpg\" class=\"attachment-thumbnail size-thumbnail wp-post-image\" alt=\"\" data-cat-posts-width=\"150\" data-cat-posts-height=\"150\" \/><\/span><\/a><\/div><\/li><li class='cat-post-item'><div><a class=\"cat-post-title\" href=\"https:\/\/stlouis-stereinedebretagne.fr\/?p=6591\" rel=\"bookmark\">M\u00f4m&rsquo;en saut revient&#8230;save the date !!<\/a><\/div><div><a class=\"cat-post-thumbnail cat-post-none\" href=\"https:\/\/stlouis-stereinedebretagne.fr\/?p=6591\" title=\"M\u00f4m&rsquo;en saut revient&#8230;save the date !!\"><span class=\"cat-post-crop cat-post-format cat-post-format-standard\"><img loading=\"lazy\" decoding=\"async\" width=\"150\" height=\"150\" src=\"https:\/\/stlouis-stereinedebretagne.fr\/wp-content\/uploads\/2019\/09\/Week-end-M\u00f4men-saut-150x150.jpeg\" class=\"attachment-thumbnail size-thumbnail wp-post-image\" alt=\"\" data-cat-posts-width=\"150\" data-cat-posts-height=\"150\" \/><\/span><\/a><\/div><\/li><li class='cat-post-item'><div><a class=\"cat-post-title\" href=\"https:\/\/stlouis-stereinedebretagne.fr\/?p=5805\" rel=\"bookmark\">Repas dansant<\/a><\/div><div><a class=\"cat-post-thumbnail cat-post-none\" href=\"https:\/\/stlouis-stereinedebretagne.fr\/?p=5805\" title=\"Repas dansant\"><span class=\"cat-post-crop cat-post-format cat-post-format-standard\"><img loading=\"lazy\" decoding=\"async\" width=\"150\" height=\"150\" src=\"https:\/\/stlouis-stereinedebretagne.fr\/wp-content\/uploads\/2019\/07\/school-tools-3596680_1920-150x150.jpg\" class=\"attachment-thumbnail size-thumbnail wp-post-image\" alt=\"\" data-cat-posts-width=\"150\" data-cat-posts-height=\"150\" \/><\/span><\/a><\/div><\/li><li class='cat-post-item'><div><a class=\"cat-post-title\" href=\"https:\/\/stlouis-stereinedebretagne.fr\/?p=5375\" rel=\"bookmark\">Le nouveau bureau de l&rsquo;APEL<\/a><\/div><div><a class=\"cat-post-thumbnail cat-post-none\" href=\"https:\/\/stlouis-stereinedebretagne.fr\/?p=5375\" title=\"Le nouveau bureau de l&rsquo;APEL\"><span class=\"cat-post-crop cat-post-format cat-post-format-standard\"><img loading=\"lazy\" decoding=\"async\" width=\"150\" height=\"150\" src=\"https:\/\/stlouis-stereinedebretagne.fr\/wp-content\/uploads\/2019\/07\/school-tools-3596680_1920-150x150.jpg\" class=\"attachment-thumbnail size-thumbnail wp-post-image\" alt=\"\" data-cat-posts-width=\"150\" data-cat-posts-height=\"150\" \/><\/span><\/a><\/div><\/li><li class='cat-post-item'><div><a class=\"cat-post-title\" href=\"https:\/\/stlouis-stereinedebretagne.fr\/?p=4927\" rel=\"bookmark\">Arbre de No\u00ebl<\/a><\/div><div><a class=\"cat-post-thumbnail cat-post-none\" href=\"https:\/\/stlouis-stereinedebretagne.fr\/?p=4927\" title=\"Arbre de No\u00ebl\"><span class=\"cat-post-crop cat-post-format cat-post-format-standard\"><img loading=\"lazy\" decoding=\"async\" width=\"150\" height=\"150\" src=\"https:\/\/stlouis-stereinedebretagne.fr\/wp-content\/uploads\/2019\/07\/school-tools-3596680_1920-150x150.jpg\" class=\"attachment-thumbnail size-thumbnail wp-post-image\" alt=\"\" data-cat-posts-width=\"150\" data-cat-posts-height=\"150\" \/><\/span><\/a><\/div><\/li><li class='cat-post-item'><div><a class=\"cat-post-title\" href=\"https:\/\/stlouis-stereinedebretagne.fr\/?p=4770\" rel=\"bookmark\">QUAND LA COUR REV\u00caT SES HABITS DE F\u00caTE&#8230;<\/a><\/div><div><a class=\"cat-post-thumbnail cat-post-none\" href=\"https:\/\/stlouis-stereinedebretagne.fr\/?p=4770\" title=\"QUAND LA COUR REV\u00caT SES HABITS DE F\u00caTE&#8230;\"><span class=\"cat-post-crop cat-post-format cat-post-format-standard\"><img loading=\"lazy\" decoding=\"async\" width=\"150\" height=\"150\" src=\"https:\/\/stlouis-stereinedebretagne.fr\/wp-content\/uploads\/2019\/07\/school-tools-3596680_1920-150x150.jpg\" class=\"attachment-thumbnail size-thumbnail wp-post-image\" alt=\"\" data-cat-posts-width=\"150\" data-cat-posts-height=\"150\" \/><\/span><\/a><\/div><\/li><li class='cat-post-item'><div><a class=\"cat-post-title\" href=\"https:\/\/stlouis-stereinedebretagne.fr\/?p=4514\" rel=\"bookmark\">NOTRE POT DE RENTREE EN IMAGES<\/a><\/div><div><a class=\"cat-post-thumbnail cat-post-none\" href=\"https:\/\/stlouis-stereinedebretagne.fr\/?p=4514\" title=\"NOTRE POT DE RENTREE EN IMAGES\"><span class=\"cat-post-crop cat-post-format cat-post-format-standard\"><img loading=\"lazy\" decoding=\"async\" width=\"150\" height=\"150\" src=\"https:\/\/stlouis-stereinedebretagne.fr\/wp-content\/uploads\/2019\/07\/school-tools-3596680_1920-150x150.jpg\" class=\"attachment-thumbnail size-thumbnail wp-post-image\" alt=\"\" data-cat-posts-width=\"150\" data-cat-posts-height=\"150\" \/><\/span><\/a><\/div><\/li><li class='cat-post-item'><div><a class=\"cat-post-title\" href=\"https:\/\/stlouis-stereinedebretagne.fr\/?p=4462\" rel=\"bookmark\">Week end structures gonflables<\/a><\/div><div><a class=\"cat-post-thumbnail cat-post-none\" href=\"https:\/\/stlouis-stereinedebretagne.fr\/?p=4462\" title=\"Week end structures gonflables\"><span class=\"cat-post-crop cat-post-format cat-post-format-standard\"><img loading=\"lazy\" decoding=\"async\" width=\"150\" height=\"150\" src=\"https:\/\/stlouis-stereinedebretagne.fr\/wp-content\/uploads\/2019\/07\/school-tools-3596680_1920-150x150.jpg\" class=\"attachment-thumbnail size-thumbnail wp-post-image\" alt=\"\" data-cat-posts-width=\"150\" data-cat-posts-height=\"150\" \/><\/span><\/a><\/div><\/li><li class='cat-post-item'><div><a class=\"cat-post-title\" href=\"https:\/\/stlouis-stereinedebretagne.fr\/?p=4052\" rel=\"bookmark\">Une premi\u00e8re conf\u00e9rence r\u00e9ussie pour l&rsquo;\u00e9quipe APEL<\/a><\/div><div><a class=\"cat-post-thumbnail cat-post-none\" href=\"https:\/\/stlouis-stereinedebretagne.fr\/?p=4052\" title=\"Une premi\u00e8re conf\u00e9rence r\u00e9ussie pour l&rsquo;\u00e9quipe APEL\"><span class=\"cat-post-crop cat-post-format cat-post-format-standard\"><img loading=\"lazy\" decoding=\"async\" width=\"150\" height=\"150\" src=\"https:\/\/stlouis-stereinedebretagne.fr\/wp-content\/uploads\/2019\/07\/school-tools-3596680_1920-150x150.jpg\" class=\"attachment-thumbnail size-thumbnail wp-post-image\" alt=\"\" data-cat-posts-width=\"150\" data-cat-posts-height=\"150\" \/><\/span><\/a><\/div><\/li><li class='cat-post-item'><div><a class=\"cat-post-title\" href=\"https:\/\/stlouis-stereinedebretagne.fr\/?p=3796\" rel=\"bookmark\">Conf\u00e9rence<\/a><\/div><div><a class=\"cat-post-thumbnail cat-post-none\" href=\"https:\/\/stlouis-stereinedebretagne.fr\/?p=3796\" title=\"Conf\u00e9rence\"><span class=\"cat-post-crop cat-post-format cat-post-format-standard\"><img loading=\"lazy\" decoding=\"async\" width=\"150\" height=\"150\" src=\"https:\/\/stlouis-stereinedebretagne.fr\/wp-content\/uploads\/2019\/07\/school-tools-3596680_1920-150x150.jpg\" class=\"attachment-thumbnail size-thumbnail wp-post-image\" alt=\"\" data-cat-posts-width=\"150\" data-cat-posts-height=\"150\" \/><\/span><\/a><\/div><\/li><li class='cat-post-item'><div><a class=\"cat-post-title\" href=\"https:\/\/stlouis-stereinedebretagne.fr\/?p=2555\" rel=\"bookmark\">Week end structures gonflables<\/a><\/div><div><a class=\"cat-post-thumbnail cat-post-none\" href=\"https:\/\/stlouis-stereinedebretagne.fr\/?p=2555\" title=\"Week end structures gonflables\"><span class=\"cat-post-crop cat-post-format cat-post-format-standard\"><img loading=\"lazy\" decoding=\"async\" width=\"150\" height=\"150\" src=\"https:\/\/stlouis-stereinedebretagne.fr\/wp-content\/uploads\/2019\/07\/school-tools-3596680_1920-150x150.jpg\" class=\"attachment-thumbnail size-thumbnail wp-post-image\" alt=\"\" data-cat-posts-width=\"150\" data-cat-posts-height=\"150\" \/><\/span><\/a><\/div><\/li><li class='cat-post-item'><div><a class=\"cat-post-title\" href=\"https:\/\/stlouis-stereinedebretagne.fr\/?p=2486\" rel=\"bookmark\">Week End Structures Gonflables<\/a><\/div><div><a class=\"cat-post-thumbnail cat-post-none\" href=\"https:\/\/stlouis-stereinedebretagne.fr\/?p=2486\" title=\"Week End Structures Gonflables\"><span class=\"cat-post-crop cat-post-format cat-post-format-standard\"><img loading=\"lazy\" decoding=\"async\" width=\"150\" height=\"150\" src=\"https:\/\/stlouis-stereinedebretagne.fr\/wp-content\/uploads\/2019\/07\/school-tools-3596680_1920-150x150.jpg\" class=\"attachment-thumbnail size-thumbnail wp-post-image\" alt=\"\" data-cat-posts-width=\"150\" data-cat-posts-height=\"150\" \/><\/span><\/a><\/div><\/li><li class='cat-post-item'><div><a class=\"cat-post-title\" href=\"https:\/\/stlouis-stereinedebretagne.fr\/?p=2185\" rel=\"bookmark\">L&rsquo;APEL c&rsquo;est quoi ?<\/a><\/div><div><a class=\"cat-post-thumbnail cat-post-none\" href=\"https:\/\/stlouis-stereinedebretagne.fr\/?p=2185\" title=\"L&rsquo;APEL c&rsquo;est quoi ?\"><span class=\"cat-post-crop cat-post-format cat-post-format-standard\"><img loading=\"lazy\" decoding=\"async\" width=\"150\" height=\"150\" src=\"https:\/\/stlouis-stereinedebretagne.fr\/wp-content\/uploads\/2019\/07\/school-tools-3596680_1920-150x150.jpg\" class=\"attachment-thumbnail size-thumbnail wp-post-image\" alt=\"\" data-cat-posts-width=\"150\" data-cat-posts-height=\"150\" \/><\/span><\/a><\/div><\/li><li class='cat-post-item'><div><a class=\"cat-post-title\" href=\"https:\/\/stlouis-stereinedebretagne.fr\/?p=2182\" rel=\"bookmark\">Caf\u00e9 de rentr\u00e9e<\/a><\/div><div><a class=\"cat-post-thumbnail cat-post-none\" href=\"https:\/\/stlouis-stereinedebretagne.fr\/?p=2182\" title=\"Caf\u00e9 de rentr\u00e9e\"><span class=\"cat-post-crop cat-post-format cat-post-format-standard\"><img loading=\"lazy\" decoding=\"async\" width=\"150\" height=\"150\" src=\"https:\/\/stlouis-stereinedebretagne.fr\/wp-content\/uploads\/2019\/07\/school-tools-3596680_1920-150x150.jpg\" class=\"attachment-thumbnail size-thumbnail wp-post-image\" alt=\"\" data-cat-posts-width=\"150\" data-cat-posts-height=\"150\" \/><\/span><\/a><\/div><\/li><li class='cat-post-item'><div><a class=\"cat-post-title\" href=\"https:\/\/stlouis-stereinedebretagne.fr\/?p=1048\" rel=\"bookmark\">Soir\u00e9e Jeux<\/a><\/div><div><a class=\"cat-post-thumbnail cat-post-none\" href=\"https:\/\/stlouis-stereinedebretagne.fr\/?p=1048\" title=\"Soir\u00e9e Jeux\"><span class=\"cat-post-crop cat-post-format cat-post-format-standard\"><img loading=\"lazy\" decoding=\"async\" width=\"150\" height=\"150\" src=\"https:\/\/stlouis-stereinedebretagne.fr\/wp-content\/uploads\/2019\/07\/school-tools-3596680_1920-150x150.jpg\" class=\"attachment-thumbnail size-thumbnail wp-post-image\" alt=\"\" data-cat-posts-width=\"150\" data-cat-posts-height=\"150\" \/><\/span><\/a><\/div><\/li><li class='cat-post-item'><div><a class=\"cat-post-title\" href=\"https:\/\/stlouis-stereinedebretagne.fr\/?p=735\" rel=\"bookmark\">Le cirque de l&rsquo;\u00e9cole Saint-Louis bient\u00f4t \u00e0 Sainte-Reine de Bretagne<\/a><\/div><div><a class=\"cat-post-thumbnail cat-post-none\" href=\"https:\/\/stlouis-stereinedebretagne.fr\/?p=735\" title=\"Le cirque de l&rsquo;\u00e9cole Saint-Louis bient\u00f4t \u00e0 Sainte-Reine de Bretagne\"><span class=\"cat-post-crop cat-post-format cat-post-format-standard\"><img loading=\"lazy\" decoding=\"async\" width=\"150\" height=\"150\" src=\"https:\/\/stlouis-stereinedebretagne.fr\/wp-content\/uploads\/2019\/07\/school-tools-3596680_1920-150x150.jpg\" class=\"attachment-thumbnail size-thumbnail wp-post-image\" alt=\"\" data-cat-posts-width=\"150\" data-cat-posts-height=\"150\" \/><\/span><\/a><\/div><\/li><li class='cat-post-item'><div><a class=\"cat-post-title\" href=\"https:\/\/stlouis-stereinedebretagne.fr\/?p=570\" rel=\"bookmark\">NOTRE COLLECTE DE BOUCHONS<\/a><\/div><div><a class=\"cat-post-thumbnail cat-post-none\" href=\"https:\/\/stlouis-stereinedebretagne.fr\/?p=570\" title=\"NOTRE COLLECTE DE BOUCHONS\"><span class=\"cat-post-crop cat-post-format cat-post-format-standard\"><img loading=\"lazy\" decoding=\"async\" width=\"150\" height=\"150\" src=\"https:\/\/stlouis-stereinedebretagne.fr\/wp-content\/uploads\/2019\/07\/school-tools-3596680_1920-150x150.jpg\" class=\"attachment-thumbnail size-thumbnail wp-post-image\" alt=\"\" data-cat-posts-width=\"150\" data-cat-posts-height=\"150\" \/><\/span><\/a><\/div><\/li><li class='cat-post-item'><div><a class=\"cat-post-title\" href=\"https:\/\/stlouis-stereinedebretagne.fr\/?p=410\" rel=\"bookmark\">Soir\u00e9e Jeux APEL<\/a><\/div><div><a class=\"cat-post-thumbnail cat-post-none\" href=\"https:\/\/stlouis-stereinedebretagne.fr\/?p=410\" title=\"Soir\u00e9e Jeux APEL\"><span class=\"cat-post-crop cat-post-format cat-post-format-standard\"><img loading=\"lazy\" decoding=\"async\" width=\"150\" height=\"150\" src=\"https:\/\/stlouis-stereinedebretagne.fr\/wp-content\/uploads\/2019\/07\/school-tools-3596680_1920-150x150.jpg\" class=\"attachment-thumbnail size-thumbnail wp-post-image\" alt=\"\" data-cat-posts-width=\"150\" data-cat-posts-height=\"150\" \/><\/span><\/a><\/div><\/li><li class='cat-post-item'><div><a class=\"cat-post-title\" href=\"https:\/\/stlouis-stereinedebretagne.fr\/?p=358\" rel=\"bookmark\">Apr\u00e8s-midi jeux<\/a><\/div><div><a class=\"cat-post-thumbnail cat-post-none\" href=\"https:\/\/stlouis-stereinedebretagne.fr\/?p=358\" title=\"Apr\u00e8s-midi jeux\"><span class=\"cat-post-crop cat-post-format cat-post-format-standard\"><img loading=\"lazy\" decoding=\"async\" width=\"150\" height=\"150\" src=\"https:\/\/stlouis-stereinedebretagne.fr\/wp-content\/uploads\/2019\/07\/school-tools-3596680_1920-150x150.jpg\" class=\"attachment-thumbnail size-thumbnail wp-post-image\" alt=\"\" data-cat-posts-width=\"150\" data-cat-posts-height=\"150\" \/><\/span><\/a><\/div><\/li><\/ul>\n<\/div><\/div><\/div><\/div><\/div>","protected":false},"excerpt":{"rendered":"<p>L&rsquo;\u00e9cole Saint Louis f\u00eate ses 150 ans !Un grand merci \u00e0 l\u2019APEL pour les cadeaux de No\u00ebl !Prot\u00e9g\u00e9\u00a0: Arbre de No\u00eblUn No\u00ebl f\u00e9erique gr\u00e2ce \u00e0 l\u2019APELRetour sur une formation en&hellip; <br \/> <a class=\"read-more\" href=\"https:\/\/stlouis-stereinedebretagne.fr\/?page_id=6349\">Lire la suite<\/a><\/p>\n","protected":false},"author":30,"featured_media":0,"parent":0,"menu_order":0,"comment_status":"closed","ping_status":"closed","template":"","meta":{"ngg_post_thumbnail":0,"footnotes":""},"class_list":["post-6349","page","type-page","status-publish","hentry"],"jetpack_sharing_enabled":true,"_links":{"self":[{"href":"https:\/\/stlouis-stereinedebretagne.fr\/index.php?rest_route=\/wp\/v2\/pages\/6349","targetHints":{"allow":["GET"]}}],"collection":[{"href":"https:\/\/stlouis-stereinedebretagne.fr\/index.php?rest_route=\/wp\/v2\/pages"}],"about":[{"href":"https:\/\/stlouis-stereinedebretagne.fr\/index.php?rest_route=\/wp\/v2\/types\/page"}],"author":[{"embeddable":true,"href":"https:\/\/stlouis-stereinedebretagne.fr\/index.php?rest_route=\/wp\/v2\/users\/30"}],"replies":[{"embeddable":true,"href":"https:\/\/stlouis-stereinedebretagne.fr\/index.php?rest_route=%2Fwp%2Fv2%2Fcomments&post=6349"}],"version-history":[{"count":5,"href":"https:\/\/stlouis-stereinedebretagne.fr\/index.php?rest_route=\/wp\/v2\/pages\/6349\/revisions"}],"predecessor-version":[{"id":11636,"href":"https:\/\/stlouis-stereinedebretagne.fr\/index.php?rest_route=\/wp\/v2\/pages\/6349\/revisions\/11636"}],"wp:attachment":[{"href":"https:\/\/stlouis-stereinedebretagne.fr\/index.php?rest_route=%2Fwp%2Fv2%2Fmedia&parent=6349"}],"curies":[{"name":"wp","href":"https:\/\/api.w.org\/{rel}","templated":true}]}}